{"id":2368,"date":"2025-03-13T17:43:42","date_gmt":"2025-03-13T16:43:42","guid":{"rendered":"https:\/\/palazzoducale.visitmuve.it\/homepage\/"},"modified":"2026-02-13T12:40:16","modified_gmt":"2026-02-13T11:40:16","slug":"homepage","status":"publish","type":"page","link":"https:\/\/palazzoducale.visitmuve.it\/en\/","title":{"rendered":"Homepage"},"content":{"rendered":"","protected":false},"excerpt":{"rendered":"","protected":false},"author":1,"featured_media":0,"parent":0,"menu_order":0,"comment_status":"closed","ping_status":"closed","template":"page-templates\/page_homepage.php","meta":{"_acf_changed":false,"footnotes":""},"class_list":["post-2368","page","type-page","status-publish","hentry"],"acf":[],"yoast_head":"<!-- This site is optimized with the Yoast SEO plugin v26.6 - https:\/\/yoast.com\/wordpress\/plugins\/seo\/ -->\n<title>Doge&#039;s Palace Venice - Official Website<\/title>\n<meta name=\"description\" content=\"The Doge\u2019s Palace stands as an enduring symbol of Venice, once home to the Doge and the heart of the Venetian Republic\u2019s political power\" \/>\n<meta name=\"robots\" content=\"index, follow, max-snippet:-1, max-image-preview:large, max-video-preview:-1\" \/>\n<link rel=\"canonical\" href=\"https:\/\/palazzoducale.visitmuve.it\/en\/\" \/>\n<meta property=\"og:locale\" content=\"en_US\" \/>\n<meta property=\"og:type\" content=\"article\" \/>\n<meta property=\"og:title\" content=\"Palazzo Ducale di Venezia\" \/>\n<meta property=\"og:description\" content=\"Palazzo Ducale \u00e8 il capolavoro dell&#039;arte gotica, simbolo della citt\u00e0 di Venezia e sede del doge, la pi\u00f9 alta magistratura della Repubblica\" \/>\n<meta property=\"og:url\" content=\"https:\/\/palazzoducale.visitmuve.it\/en\/\" \/>\n<meta property=\"og:site_name\" content=\"Palazzo Ducale\" \/>\n<meta property=\"article:publisher\" content=\"https:\/\/www.facebook.com\/DucaleVenezia\/\" \/>\n<meta property=\"article:modified_time\" content=\"2026-02-13T11:40:16+00:00\" \/>\n<meta property=\"og:image\" content=\"https:\/\/palazzoducale.visitmuve.it\/wp-content\/uploads\/sites\/2\/2025\/06\/Palazzo-Ducale-facciata-2.jpg\" \/>\n\t<meta property=\"og:image:width\" content=\"2048\" \/>\n\t<meta property=\"og:image:height\" content=\"1536\" \/>\n\t<meta property=\"og:image:type\" content=\"image\/jpeg\" \/>\n<meta name=\"twitter:card\" content=\"summary_large_image\" \/>\n<meta name=\"twitter:site\" content=\"@visitmuve_it\" \/>\n<meta name=\"twitter:label1\" content=\"Est. reading time\" \/>\n\t<meta name=\"twitter:data1\" content=\"2 minutes\" \/>\n<script type=\"application\/ld+json\" class=\"yoast-schema-graph\">{\"@context\":\"https:\/\/schema.org\",\"@graph\":[{\"@type\":\"WebPage\",\"@id\":\"https:\/\/palazzoducale.visitmuve.it\/en\/\",\"url\":\"https:\/\/palazzoducale.visitmuve.it\/en\/\",\"name\":\"Doge's Palace Venice - Official Website\",\"isPartOf\":{\"@id\":\"https:\/\/palazzoducale.visitmuve.it\/en\/#website\"},\"datePublished\":\"2025-03-13T16:43:42+00:00\",\"dateModified\":\"2026-02-13T11:40:16+00:00\",\"description\":\"The Doge\u2019s Palace stands as an enduring symbol of Venice, once home to the Doge and the heart of the Venetian Republic\u2019s political power\",\"breadcrumb\":{\"@id\":\"https:\/\/palazzoducale.visitmuve.it\/en\/#breadcrumb\"},\"inLanguage\":\"en-US\",\"potentialAction\":[{\"@type\":\"ReadAction\",\"target\":[\"https:\/\/palazzoducale.visitmuve.it\/en\/\"]}]},{\"@type\":\"BreadcrumbList\",\"@id\":\"https:\/\/palazzoducale.visitmuve.it\/en\/#breadcrumb\",\"itemListElement\":[{\"@type\":\"ListItem\",\"position\":1,\"name\":\"Home\",\"item\":\"https:\/\/palazzoducale.visitmuve.it\/en\/\"},{\"@type\":\"ListItem\",\"position\":2,\"name\":\"Homepage\"}]},{\"@type\":\"WebSite\",\"@id\":\"https:\/\/palazzoducale.visitmuve.it\/en\/#website\",\"url\":\"https:\/\/palazzoducale.visitmuve.it\/en\/\",\"name\":\"Palazzo Ducale\",\"description\":\"\",\"publisher\":{\"@id\":\"https:\/\/palazzoducale.visitmuve.it\/en\/#organization\"},\"potentialAction\":[{\"@type\":\"SearchAction\",\"target\":{\"@type\":\"EntryPoint\",\"urlTemplate\":\"https:\/\/palazzoducale.visitmuve.it\/en\/?s={search_term_string}\"},\"query-input\":{\"@type\":\"PropertyValueSpecification\",\"valueRequired\":true,\"valueName\":\"search_term_string\"}}],\"inLanguage\":\"en-US\"},{\"@type\":\"Organization\",\"@id\":\"https:\/\/palazzoducale.visitmuve.it\/en\/#organization\",\"name\":\"Palazzo Ducale\",\"url\":\"https:\/\/palazzoducale.visitmuve.it\/en\/\",\"logo\":{\"@type\":\"ImageObject\",\"inLanguage\":\"en-US\",\"@id\":\"https:\/\/palazzoducale.visitmuve.it\/en\/#\/schema\/logo\/image\/\",\"url\":\"https:\/\/palazzoducale.visitmuve.it\/wp-content\/uploads\/sites\/2\/2025\/05\/Maggio_Consiglio_2_Or.jpg\",\"contentUrl\":\"https:\/\/palazzoducale.visitmuve.it\/wp-content\/uploads\/sites\/2\/2025\/05\/Maggio_Consiglio_2_Or.jpg\",\"width\":1800,\"height\":1173,\"caption\":\"Palazzo Ducale\"},\"image\":{\"@id\":\"https:\/\/palazzoducale.visitmuve.it\/en\/#\/schema\/logo\/image\/\"},\"sameAs\":[\"https:\/\/www.facebook.com\/DucaleVenezia\/\",\"https:\/\/x.com\/visitmuve_it\",\"https:\/\/www.instagram.com\/ducalevenezia\/\",\"https:\/\/www.linkedin.com\/company\/fondazione-musei-civici-di-venezia\/\",\"https:\/\/www.youtube.com\/user\/museicivicidivenezia\"]}]}<\/script>\n<!-- \/ Yoast SEO plugin. -->","yoast_head_json":{"title":"Doge's Palace Venice - Official Website","description":"The Doge\u2019s Palace stands as an enduring symbol of Venice, once home to the Doge and the heart of the Venetian Republic\u2019s political power","robots":{"index":"index","follow":"follow","max-snippet":"max-snippet:-1","max-image-preview":"max-image-preview:large","max-video-preview":"max-video-preview:-1"},"canonical":"https:\/\/palazzoducale.visitmuve.it\/en\/","og_locale":"en_US","og_type":"article","og_title":"Palazzo Ducale di Venezia","og_description":"Palazzo Ducale \u00e8 il capolavoro dell'arte gotica, simbolo della citt\u00e0 di Venezia e sede del doge, la pi\u00f9 alta magistratura della Repubblica","og_url":"https:\/\/palazzoducale.visitmuve.it\/en\/","og_site_name":"Palazzo Ducale","article_publisher":"https:\/\/www.facebook.com\/DucaleVenezia\/","article_modified_time":"2026-02-13T11:40:16+00:00","og_image":[{"width":2048,"height":1536,"url":"https:\/\/palazzoducale.visitmuve.it\/wp-content\/uploads\/sites\/2\/2025\/06\/Palazzo-Ducale-facciata-2.jpg","type":"image\/jpeg"}],"twitter_card":"summary_large_image","twitter_site":"@visitmuve_it","twitter_misc":{"Est. reading time":"2 minutes"},"schema":{"@context":"https:\/\/schema.org","@graph":[{"@type":"WebPage","@id":"https:\/\/palazzoducale.visitmuve.it\/en\/","url":"https:\/\/palazzoducale.visitmuve.it\/en\/","name":"Doge's Palace Venice - Official Website","isPartOf":{"@id":"https:\/\/palazzoducale.visitmuve.it\/en\/#website"},"datePublished":"2025-03-13T16:43:42+00:00","dateModified":"2026-02-13T11:40:16+00:00","description":"The Doge\u2019s Palace stands as an enduring symbol of Venice, once home to the Doge and the heart of the Venetian Republic\u2019s political power","breadcrumb":{"@id":"https:\/\/palazzoducale.visitmuve.it\/en\/#breadcrumb"},"inLanguage":"en-US","potentialAction":[{"@type":"ReadAction","target":["https:\/\/palazzoducale.visitmuve.it\/en\/"]}]},{"@type":"BreadcrumbList","@id":"https:\/\/palazzoducale.visitmuve.it\/en\/#breadcrumb","itemListElement":[{"@type":"ListItem","position":1,"name":"Home","item":"https:\/\/palazzoducale.visitmuve.it\/en\/"},{"@type":"ListItem","position":2,"name":"Homepage"}]},{"@type":"WebSite","@id":"https:\/\/palazzoducale.visitmuve.it\/en\/#website","url":"https:\/\/palazzoducale.visitmuve.it\/en\/","name":"Palazzo Ducale","description":"","publisher":{"@id":"https:\/\/palazzoducale.visitmuve.it\/en\/#organization"},"potentialAction":[{"@type":"SearchAction","target":{"@type":"EntryPoint","urlTemplate":"https:\/\/palazzoducale.visitmuve.it\/en\/?s={search_term_string}"},"query-input":{"@type":"PropertyValueSpecification","valueRequired":true,"valueName":"search_term_string"}}],"inLanguage":"en-US"},{"@type":"Organization","@id":"https:\/\/palazzoducale.visitmuve.it\/en\/#organization","name":"Palazzo Ducale","url":"https:\/\/palazzoducale.visitmuve.it\/en\/","logo":{"@type":"ImageObject","inLanguage":"en-US","@id":"https:\/\/palazzoducale.visitmuve.it\/en\/#\/schema\/logo\/image\/","url":"https:\/\/palazzoducale.visitmuve.it\/wp-content\/uploads\/sites\/2\/2025\/05\/Maggio_Consiglio_2_Or.jpg","contentUrl":"https:\/\/palazzoducale.visitmuve.it\/wp-content\/uploads\/sites\/2\/2025\/05\/Maggio_Consiglio_2_Or.jpg","width":1800,"height":1173,"caption":"Palazzo Ducale"},"image":{"@id":"https:\/\/palazzoducale.visitmuve.it\/en\/#\/schema\/logo\/image\/"},"sameAs":["https:\/\/www.facebook.com\/DucaleVenezia\/","https:\/\/x.com\/visitmuve_it","https:\/\/www.instagram.com\/ducalevenezia\/","https:\/\/www.linkedin.com\/company\/fondazione-musei-civici-di-venezia\/","https:\/\/www.youtube.com\/user\/museicivicidivenezia"]}]}},"_links":{"self":[{"href":"https:\/\/palazzoducale.visitmuve.it\/en\/wp-json\/wp\/v2\/pages\/2368","targetHints":{"allow":["GET"]}}],"collection":[{"href":"https:\/\/palazzoducale.visitmuve.it\/en\/wp-json\/wp\/v2\/pages"}],"about":[{"href":"https:\/\/palazzoducale.visitmuve.it\/en\/wp-json\/wp\/v2\/types\/page"}],"author":[{"embeddable":true,"href":"https:\/\/palazzoducale.visitmuve.it\/en\/wp-json\/wp\/v2\/users\/1"}],"replies":[{"embeddable":true,"href":"https:\/\/palazzoducale.visitmuve.it\/en\/wp-json\/wp\/v2\/comments?post=2368"}],"version-history":[{"count":10,"href":"https:\/\/palazzoducale.visitmuve.it\/en\/wp-json\/wp\/v2\/pages\/2368\/revisions"}],"predecessor-version":[{"id":4984,"href":"https:\/\/palazzoducale.visitmuve.it\/en\/wp-json\/wp\/v2\/pages\/2368\/revisions\/4984"}],"wp:attachment":[{"href":"https:\/\/palazzoducale.visitmuve.it\/en\/wp-json\/wp\/v2\/media?parent=2368"}],"curies":[{"name":"wp","href":"https:\/\/api.w.org\/{rel}","templated":true}]}}