{"id":2812,"date":"2025-05-20T12:46:10","date_gmt":"2025-05-20T10:46:10","guid":{"rendered":"https:\/\/palazzoducale.visitmuve.it\/visitor-information\/services-accessibility\/"},"modified":"2026-03-09T12:04:15","modified_gmt":"2026-03-09T11:04:15","slug":"servicios-accesibilidad","status":"publish","type":"page","link":"https:\/\/palazzoducale.visitmuve.it\/es\/informacion-practica\/servicios-accesibilidad\/","title":{"rendered":"Servicios y Accesibilidad"},"content":{"rendered":"","protected":false},"excerpt":{"rendered":"","protected":false},"author":3,"featured_media":0,"parent":2800,"menu_order":2,"comment_status":"closed","ping_status":"closed","template":"","meta":{"_acf_changed":false,"footnotes":""},"class_list":["post-2812","page","type-page","status-publish","hentry"],"acf":[],"yoast_head":"<!-- This site is optimized with the Yoast SEO plugin v26.6 - https:\/\/yoast.com\/wordpress\/plugins\/seo\/ -->\n<title>Servicios y Accesibilidad - Palazzo Ducale<\/title>\n<meta name=\"description\" content=\"Los servicios al visitante en el Palacio Ducal est\u00e1n dise\u00f1ados para garantizar plena accesibilidad e inclusi\u00f3n para todos los p\u00fablicos.\" \/>\n<meta name=\"robots\" content=\"index, follow, max-snippet:-1, max-image-preview:large, max-video-preview:-1\" \/>\n<link rel=\"canonical\" href=\"https:\/\/palazzoducale.visitmuve.it\/es\/informacion-practica\/servicios-accesibilidad\/\" \/>\n<meta property=\"og:locale\" content=\"es_ES\" \/>\n<meta property=\"og:type\" content=\"article\" \/>\n<meta property=\"og:title\" content=\"Servicios y Accesibilidad - Palazzo Ducale\" \/>\n<meta property=\"og:description\" content=\"Los servicios al visitante en el Palacio Ducal est\u00e1n dise\u00f1ados para garantizar plena accesibilidad e inclusi\u00f3n para todos los p\u00fablicos.\" \/>\n<meta property=\"og:url\" content=\"https:\/\/palazzoducale.visitmuve.it\/es\/informacion-practica\/servicios-accesibilidad\/\" \/>\n<meta property=\"og:site_name\" content=\"Palazzo Ducale\" \/>\n<meta property=\"article:publisher\" content=\"https:\/\/www.facebook.com\/DucaleVenezia\/\" \/>\n<meta property=\"article:modified_time\" content=\"2026-03-09T11:04:15+00:00\" \/>\n<meta name=\"twitter:card\" content=\"summary_large_image\" \/>\n<meta name=\"twitter:site\" content=\"@visitmuve_it\" \/>\n<meta name=\"twitter:label1\" content=\"Tiempo de lectura\" \/>\n\t<meta name=\"twitter:data1\" content=\"2 minutos\" \/>\n<script type=\"application\/ld+json\" class=\"yoast-schema-graph\">{\"@context\":\"https:\/\/schema.org\",\"@graph\":[{\"@type\":\"WebPage\",\"@id\":\"https:\/\/palazzoducale.visitmuve.it\/es\/informacion-practica\/servicios-accesibilidad\/\",\"url\":\"https:\/\/palazzoducale.visitmuve.it\/es\/informacion-practica\/servicios-accesibilidad\/\",\"name\":\"Servicios y Accesibilidad - Palazzo Ducale\",\"isPartOf\":{\"@id\":\"https:\/\/palazzoducale.visitmuve.it\/es\/#website\"},\"datePublished\":\"2025-05-20T10:46:10+00:00\",\"dateModified\":\"2026-03-09T11:04:15+00:00\",\"description\":\"Los servicios al visitante en el Palacio Ducal est\u00e1n dise\u00f1ados para garantizar plena accesibilidad e inclusi\u00f3n para todos los p\u00fablicos.\",\"breadcrumb\":{\"@id\":\"https:\/\/palazzoducale.visitmuve.it\/es\/informacion-practica\/servicios-accesibilidad\/#breadcrumb\"},\"inLanguage\":\"es\",\"potentialAction\":[{\"@type\":\"ReadAction\",\"target\":[\"https:\/\/palazzoducale.visitmuve.it\/es\/informacion-practica\/servicios-accesibilidad\/\"]}]},{\"@type\":\"BreadcrumbList\",\"@id\":\"https:\/\/palazzoducale.visitmuve.it\/es\/informacion-practica\/servicios-accesibilidad\/#breadcrumb\",\"itemListElement\":[{\"@type\":\"ListItem\",\"position\":1,\"name\":\"Home\",\"item\":\"https:\/\/palazzoducale.visitmuve.it\/es\/\"},{\"@type\":\"ListItem\",\"position\":2,\"name\":\"Visita\",\"item\":\"https:\/\/palazzoducale.visitmuve.it\/es\/informacion-practica\/\"},{\"@type\":\"ListItem\",\"position\":3,\"name\":\"Servicios y Accesibilidad\"}]},{\"@type\":\"WebSite\",\"@id\":\"https:\/\/palazzoducale.visitmuve.it\/es\/#website\",\"url\":\"https:\/\/palazzoducale.visitmuve.it\/es\/\",\"name\":\"Palazzo Ducale\",\"description\":\"\",\"publisher\":{\"@id\":\"https:\/\/palazzoducale.visitmuve.it\/es\/#organization\"},\"potentialAction\":[{\"@type\":\"SearchAction\",\"target\":{\"@type\":\"EntryPoint\",\"urlTemplate\":\"https:\/\/palazzoducale.visitmuve.it\/es\/?s={search_term_string}\"},\"query-input\":{\"@type\":\"PropertyValueSpecification\",\"valueRequired\":true,\"valueName\":\"search_term_string\"}}],\"inLanguage\":\"es\"},{\"@type\":\"Organization\",\"@id\":\"https:\/\/palazzoducale.visitmuve.it\/es\/#organization\",\"name\":\"Palazzo Ducale\",\"url\":\"https:\/\/palazzoducale.visitmuve.it\/es\/\",\"logo\":{\"@type\":\"ImageObject\",\"inLanguage\":\"es\",\"@id\":\"https:\/\/palazzoducale.visitmuve.it\/es\/#\/schema\/logo\/image\/\",\"url\":\"https:\/\/palazzoducale.visitmuve.it\/wp-content\/uploads\/sites\/2\/2025\/05\/Maggio_Consiglio_2_Or.jpg\",\"contentUrl\":\"https:\/\/palazzoducale.visitmuve.it\/wp-content\/uploads\/sites\/2\/2025\/05\/Maggio_Consiglio_2_Or.jpg\",\"width\":1800,\"height\":1173,\"caption\":\"Palazzo Ducale\"},\"image\":{\"@id\":\"https:\/\/palazzoducale.visitmuve.it\/es\/#\/schema\/logo\/image\/\"},\"sameAs\":[\"https:\/\/www.facebook.com\/DucaleVenezia\/\",\"https:\/\/x.com\/visitmuve_it\",\"https:\/\/www.instagram.com\/ducalevenezia\/\",\"https:\/\/www.linkedin.com\/company\/fondazione-musei-civici-di-venezia\/\",\"https:\/\/www.youtube.com\/user\/museicivicidivenezia\"]}]}<\/script>\n<!-- \/ Yoast SEO plugin. -->","yoast_head_json":{"title":"Servicios y Accesibilidad - Palazzo Ducale","description":"Los servicios al visitante en el Palacio Ducal est\u00e1n dise\u00f1ados para garantizar plena accesibilidad e inclusi\u00f3n para todos los p\u00fablicos.","robots":{"index":"index","follow":"follow","max-snippet":"max-snippet:-1","max-image-preview":"max-image-preview:large","max-video-preview":"max-video-preview:-1"},"canonical":"https:\/\/palazzoducale.visitmuve.it\/es\/informacion-practica\/servicios-accesibilidad\/","og_locale":"es_ES","og_type":"article","og_title":"Servicios y Accesibilidad - Palazzo Ducale","og_description":"Los servicios al visitante en el Palacio Ducal est\u00e1n dise\u00f1ados para garantizar plena accesibilidad e inclusi\u00f3n para todos los p\u00fablicos.","og_url":"https:\/\/palazzoducale.visitmuve.it\/es\/informacion-practica\/servicios-accesibilidad\/","og_site_name":"Palazzo Ducale","article_publisher":"https:\/\/www.facebook.com\/DucaleVenezia\/","article_modified_time":"2026-03-09T11:04:15+00:00","twitter_card":"summary_large_image","twitter_site":"@visitmuve_it","twitter_misc":{"Tiempo de lectura":"2 minutos"},"schema":{"@context":"https:\/\/schema.org","@graph":[{"@type":"WebPage","@id":"https:\/\/palazzoducale.visitmuve.it\/es\/informacion-practica\/servicios-accesibilidad\/","url":"https:\/\/palazzoducale.visitmuve.it\/es\/informacion-practica\/servicios-accesibilidad\/","name":"Servicios y Accesibilidad - Palazzo Ducale","isPartOf":{"@id":"https:\/\/palazzoducale.visitmuve.it\/es\/#website"},"datePublished":"2025-05-20T10:46:10+00:00","dateModified":"2026-03-09T11:04:15+00:00","description":"Los servicios al visitante en el Palacio Ducal est\u00e1n dise\u00f1ados para garantizar plena accesibilidad e inclusi\u00f3n para todos los p\u00fablicos.","breadcrumb":{"@id":"https:\/\/palazzoducale.visitmuve.it\/es\/informacion-practica\/servicios-accesibilidad\/#breadcrumb"},"inLanguage":"es","potentialAction":[{"@type":"ReadAction","target":["https:\/\/palazzoducale.visitmuve.it\/es\/informacion-practica\/servicios-accesibilidad\/"]}]},{"@type":"BreadcrumbList","@id":"https:\/\/palazzoducale.visitmuve.it\/es\/informacion-practica\/servicios-accesibilidad\/#breadcrumb","itemListElement":[{"@type":"ListItem","position":1,"name":"Home","item":"https:\/\/palazzoducale.visitmuve.it\/es\/"},{"@type":"ListItem","position":2,"name":"Visita","item":"https:\/\/palazzoducale.visitmuve.it\/es\/informacion-practica\/"},{"@type":"ListItem","position":3,"name":"Servicios y Accesibilidad"}]},{"@type":"WebSite","@id":"https:\/\/palazzoducale.visitmuve.it\/es\/#website","url":"https:\/\/palazzoducale.visitmuve.it\/es\/","name":"Palazzo Ducale","description":"","publisher":{"@id":"https:\/\/palazzoducale.visitmuve.it\/es\/#organization"},"potentialAction":[{"@type":"SearchAction","target":{"@type":"EntryPoint","urlTemplate":"https:\/\/palazzoducale.visitmuve.it\/es\/?s={search_term_string}"},"query-input":{"@type":"PropertyValueSpecification","valueRequired":true,"valueName":"search_term_string"}}],"inLanguage":"es"},{"@type":"Organization","@id":"https:\/\/palazzoducale.visitmuve.it\/es\/#organization","name":"Palazzo Ducale","url":"https:\/\/palazzoducale.visitmuve.it\/es\/","logo":{"@type":"ImageObject","inLanguage":"es","@id":"https:\/\/palazzoducale.visitmuve.it\/es\/#\/schema\/logo\/image\/","url":"https:\/\/palazzoducale.visitmuve.it\/wp-content\/uploads\/sites\/2\/2025\/05\/Maggio_Consiglio_2_Or.jpg","contentUrl":"https:\/\/palazzoducale.visitmuve.it\/wp-content\/uploads\/sites\/2\/2025\/05\/Maggio_Consiglio_2_Or.jpg","width":1800,"height":1173,"caption":"Palazzo Ducale"},"image":{"@id":"https:\/\/palazzoducale.visitmuve.it\/es\/#\/schema\/logo\/image\/"},"sameAs":["https:\/\/www.facebook.com\/DucaleVenezia\/","https:\/\/x.com\/visitmuve_it","https:\/\/www.instagram.com\/ducalevenezia\/","https:\/\/www.linkedin.com\/company\/fondazione-musei-civici-di-venezia\/","https:\/\/www.youtube.com\/user\/museicivicidivenezia"]}]}},"_links":{"self":[{"href":"https:\/\/palazzoducale.visitmuve.it\/es\/wp-json\/wp\/v2\/pages\/2812","targetHints":{"allow":["GET"]}}],"collection":[{"href":"https:\/\/palazzoducale.visitmuve.it\/es\/wp-json\/wp\/v2\/pages"}],"about":[{"href":"https:\/\/palazzoducale.visitmuve.it\/es\/wp-json\/wp\/v2\/types\/page"}],"author":[{"embeddable":true,"href":"https:\/\/palazzoducale.visitmuve.it\/es\/wp-json\/wp\/v2\/users\/3"}],"replies":[{"embeddable":true,"href":"https:\/\/palazzoducale.visitmuve.it\/es\/wp-json\/wp\/v2\/comments?post=2812"}],"version-history":[{"count":9,"href":"https:\/\/palazzoducale.visitmuve.it\/es\/wp-json\/wp\/v2\/pages\/2812\/revisions"}],"predecessor-version":[{"id":5075,"href":"https:\/\/palazzoducale.visitmuve.it\/es\/wp-json\/wp\/v2\/pages\/2812\/revisions\/5075"}],"up":[{"embeddable":true,"href":"https:\/\/palazzoducale.visitmuve.it\/es\/wp-json\/wp\/v2\/pages\/2800"}],"wp:attachment":[{"href":"https:\/\/palazzoducale.visitmuve.it\/es\/wp-json\/wp\/v2\/media?parent=2812"}],"curies":[{"name":"wp","href":"https:\/\/api.w.org\/{rel}","templated":true}]}}